{"id":23,"date":"2026-03-14T10:32:24","date_gmt":"2026-03-14T10:32:24","guid":{"rendered":"https:\/\/www.overslapwords.com\/?page_id=23"},"modified":"2026-03-15T12:33:55","modified_gmt":"2026-03-15T12:33:55","slug":"pongase-en-contacto-con","status":"publish","type":"page","link":"https:\/\/www.overslapwords.com\/es\/pongase-en-contacto-con\/","title":{"rendered":"P\u00f3ngase en contacto con"},"content":{"rendered":"<style>.kb-row-layout-id23_05464c-e3 > .kt-row-column-wrap{align-content:start;}:where(.kb-row-layout-id23_05464c-e3 > .kt-row-column-wrap) > .wp-block-kadence-column{justify-content:start;}.kb-row-layout-id23_05464c-e3 > .kt-row-column-wrap{column-gap:var(--global-kb-gap-md, 2rem);row-gap:var(--global-kb-gap-md, 2rem);padding-top:var(--global-kb-spacing-sm, 1.5rem);padding-bottom:var(--global-kb-spacing-sm, 1.5rem);grid-template-columns:minmax(0, 1fr);}.kb-row-layout-id23_05464c-e3 > .kt-row-layout-overlay{opacity:0.30;}@media all and (max-width: 1024px){.kb-row-layout-id23_05464c-e3 > .kt-row-column-wrap{grid-template-columns:minmax(0, 1fr);}}@media all and (max-width: 767px){.kb-row-layout-id23_05464c-e3 > .kt-row-column-wrap{grid-template-columns:minmax(0, 1fr);}}<\/style><div class=\"kb-row-layout-wrap kb-row-layout-id23_05464c-e3 alignnone wp-block-kadence-rowlayout\"><div class=\"kt-row-column-wrap kt-has-1-columns kt-row-layout-equal kt-tab-layout-inherit kt-mobile-layout-row kt-row-valign-top\">\n<style>.kadence-column23_59853f-36 > .kt-inside-inner-col{display:flex;}.kadence-column23_59853f-36 > .kt-inside-inner-col,.kadence-column23_59853f-36 > .kt-inside-inner-col:before{border-top-left-radius:0px;border-top-right-radius:0px;border-bottom-right-radius:0px;border-bottom-left-radius:0px;}.kadence-column23_59853f-36 > .kt-inside-inner-col{column-gap:var(--global-kb-gap-sm, 1rem);}.kadence-column23_59853f-36 > .kt-inside-inner-col{flex-direction:column;justify-content:center;align-items:center;}.kadence-column23_59853f-36 > .kt-inside-inner-col > .kb-image-is-ratio-size{align-self:stretch;}.kadence-column23_59853f-36 > .kt-inside-inner-col > .wp-block-kadence-advancedgallery{align-self:stretch;}.kadence-column23_59853f-36 > .kt-inside-inner-col > .aligncenter{width:100%;}.kt-row-column-wrap > .kadence-column23_59853f-36{align-self:center;}.kt-inner-column-height-full:not(.kt-has-1-columns) > .wp-block-kadence-column.kadence-column23_59853f-36{align-self:auto;}.kt-inner-column-height-full:not(.kt-has-1-columns) > .wp-block-kadence-column.kadence-column23_59853f-36 > .kt-inside-inner-col{flex-direction:column;justify-content:center;}.kadence-column23_59853f-36 > .kt-inside-inner-col:before{opacity:0.3;}.kadence-column23_59853f-36{position:relative;}.kadence-column23_59853f-36, .kt-inside-inner-col > .kadence-column23_59853f-36:not(.specificity){margin-right:var(--global-kb-spacing-5xl, 10rem);margin-left:var(--global-kb-spacing-5xl, 10rem);}@media all and (max-width: 1024px){.kt-row-column-wrap > .kadence-column23_59853f-36{align-self:center;}}@media all and (max-width: 1024px){.kt-inner-column-height-full:not(.kt-has-1-columns) > .wp-block-kadence-column.kadence-column23_59853f-36{align-self:auto;}}@media all and (max-width: 1024px){.kt-inner-column-height-full:not(.kt-has-1-columns) > .wp-block-kadence-column.kadence-column23_59853f-36 > .kt-inside-inner-col{flex-direction:column;justify-content:center;}}@media all and (max-width: 1024px){.kadence-column23_59853f-36 > .kt-inside-inner-col{flex-direction:column;justify-content:center;align-items:center;}}@media all and (max-width: 767px){.kt-row-column-wrap > .kadence-column23_59853f-36{align-self:center;}.kt-inner-column-height-full:not(.kt-has-1-columns) > .wp-block-kadence-column.kadence-column23_59853f-36{align-self:auto;}.kt-inner-column-height-full:not(.kt-has-1-columns) > .wp-block-kadence-column.kadence-column23_59853f-36 > .kt-inside-inner-col{flex-direction:column;justify-content:center;}.kadence-column23_59853f-36 > .kt-inside-inner-col{flex-direction:column;justify-content:center;align-items:center;}.kadence-column23_59853f-36, .kt-inside-inner-col > .kadence-column23_59853f-36:not(.specificity){margin-right:var(--global-kb-spacing-xxs, 0.5rem);margin-left:var(--global-kb-spacing-xxs, 0.5rem);}}<\/style>\n<div class=\"wp-block-kadence-column kadence-column23_59853f-36\"><div class=\"kt-inside-inner-col\">\n <div class=\"owp-contact-intro\">                                                                          \n    <h2>P\u00f3ngase en contacto<\/h2>                                                                                    \n    <p>                                                                                                      \n      \u00bfTiene alguna pregunta, ha encontrado un error o simplemente quiere compartir su opini\u00f3n sobre\n      <strong>OverSlapWords<\/strong>? Nos encantar\u00eda conocer su opini\u00f3n.                                            \n      Rellene el siguiente formulario y nos pondremos en contacto con usted lo antes posible.                                 \n    <\/p>                                                                                                     \n    <ul>                                                                                                     \n      <li><strong>Informes de errores<\/strong> - describa qu\u00e9 ha ocurrido y en qu\u00e9 dispositivo\/versi\u00f3n de SO.<\/li>         \n                 \n      <li><strong>Comentarios generales<\/strong> - ideas, sugerencias, todo vale.<\/li>                        \n    <\/ul>                                                                                                    \n    <p>                                                                                                      \n      Tambi\u00e9n puede ponerse en contacto con nosotros directamente en                                                                      \n      <a href=\"mailto:support@everywherecode.com\">support@everywherecode.com<\/a>.                            \n    <\/p>                                                                                                     \n  <\/div>   \n<\/div><\/div>\n\n\n<style>.kadence-column23_ba9970-50 > .kt-inside-inner-col{display:flex;}.kadence-column23_ba9970-50 > .kt-inside-inner-col,.kadence-column23_ba9970-50 > .kt-inside-inner-col:before{border-top-left-radius:0px;border-top-right-radius:0px;border-bottom-right-radius:0px;border-bottom-left-radius:0px;}.kadence-column23_ba9970-50 > .kt-inside-inner-col{column-gap:var(--global-kb-gap-sm, 1rem);}.kadence-column23_ba9970-50 > .kt-inside-inner-col{flex-direction:column;justify-content:center;align-items:center;}.kadence-column23_ba9970-50 > .kt-inside-inner-col > .kb-image-is-ratio-size{align-self:stretch;}.kadence-column23_ba9970-50 > .kt-inside-inner-col > .wp-block-kadence-advancedgallery{align-self:stretch;}.kadence-column23_ba9970-50 > .kt-inside-inner-col > .aligncenter{width:100%;}.kt-row-column-wrap > .kadence-column23_ba9970-50{align-self:center;}.kt-inner-column-height-full:not(.kt-has-1-columns) > .wp-block-kadence-column.kadence-column23_ba9970-50{align-self:auto;}.kt-inner-column-height-full:not(.kt-has-1-columns) > .wp-block-kadence-column.kadence-column23_ba9970-50 > .kt-inside-inner-col{flex-direction:column;justify-content:center;}.kadence-column23_ba9970-50 > .kt-inside-inner-col:before{opacity:0.3;}.kadence-column23_ba9970-50{position:relative;}.kadence-column23_ba9970-50, .kt-inside-inner-col > .kadence-column23_ba9970-50:not(.specificity){margin-right:var(--global-kb-spacing-5xl, 10rem);margin-left:var(--global-kb-spacing-5xl, 10rem);}@media all and (max-width: 1024px){.kt-row-column-wrap > .kadence-column23_ba9970-50{align-self:center;}}@media all and (max-width: 1024px){.kt-inner-column-height-full:not(.kt-has-1-columns) > .wp-block-kadence-column.kadence-column23_ba9970-50{align-self:auto;}}@media all and (max-width: 1024px){.kt-inner-column-height-full:not(.kt-has-1-columns) > .wp-block-kadence-column.kadence-column23_ba9970-50 > .kt-inside-inner-col{flex-direction:column;justify-content:center;}}@media all and (max-width: 1024px){.kadence-column23_ba9970-50 > .kt-inside-inner-col{flex-direction:column;justify-content:center;align-items:center;}}@media all and (max-width: 767px){.kt-row-column-wrap > .kadence-column23_ba9970-50{align-self:center;}.kt-inner-column-height-full:not(.kt-has-1-columns) > .wp-block-kadence-column.kadence-column23_ba9970-50{align-self:auto;}.kt-inner-column-height-full:not(.kt-has-1-columns) > .wp-block-kadence-column.kadence-column23_ba9970-50 > .kt-inside-inner-col{flex-direction:column;justify-content:center;}.kadence-column23_ba9970-50 > .kt-inside-inner-col{flex-direction:column;justify-content:center;align-items:center;}.kadence-column23_ba9970-50, .kt-inside-inner-col > .kadence-column23_ba9970-50:not(.specificity){margin-right:var(--global-kb-spacing-xxs, 0.5rem);margin-left:var(--global-kb-spacing-xxs, 0.5rem);}}<\/style>\n<div class=\"wp-block-kadence-column kadence-column23_ba9970-50\"><div class=\"kt-inside-inner-col\"><style>.kb-form input.kadence-blocks-field.verify{opacity:0.0;position:absolute;top:0.0;left:0.0;width:0.0;height:0.0;z-index:-1;}<\/style>\n<div class=\"wp-block-kadence-form kadence-form-23_46f6b7-d7 kb-form-wrap\"><form class=\"kb-form\" action=\"\" method=\"post\" data-trp-original-action=\"\"><div class=\"kadence-blocks-form-field kb-field-desk-width-100 kb-input-size-standard\"><label for=\"kb_field_23_46f6b7-d7_0\">Nombre<\/label><input name=\"kb_field_0\" id=\"kb_field_23_46f6b7-d7_0\" data-label=\"Name\" type=\"text\" placeholder=\"\" value=\"\" data-type=\"text\" class=\"kb-field kb-text-style-field kb-text-field kb-field-0\"\/><\/div><div class=\"kadence-blocks-form-field kb-form-field-1 kb-field-desk-width-100 kb-input-size-standard\"><label for=\"kb_field_23_46f6b7-d7_1\">Correo electr\u00f3nico<span class=\"required\">*<\/span><\/label><input name=\"kb_field_1\" id=\"kb_field_23_46f6b7-d7_1\" data-label=\"Email\" type=\"email\" placeholder=\"\" value=\"\" data-type=\"email\" class=\"kb-field kb-text-style-field kb-email-field kb-field-1\" data-required=\"yes\"\/><\/div><div class=\"kadence-blocks-form-field kb-form-field-2 kb-field-desk-width-100 kb-input-size-standard\"><label for=\"kb_field_23_46f6b7-d7_2\">Mensaje<span class=\"required\">*<\/span><\/label><textarea name=\"kb_field_2\" id=\"kb_field_23_46f6b7-d7_2\" data-label=\"Message\" type=\"textarea\" placeholder=\"\" data-type=\"textarea\" class=\"kb-field kb-text-style-field kb-textarea-field kb-field-2\" rows=\"4\" data-required=\"yes\"><\/textarea><\/div><input type=\"hidden\" name=\"_kb_form_id\" value=\"23_46f6b7-d7\"\/><input type=\"hidden\" name=\"_kb_form_post_id\" value=\"23\"\/><input type=\"hidden\" name=\"action\" value=\"kb_process_ajax_submit\"\/><label class=\"kadence-verify-label\">Correo electr\u00f3nico<input class=\"kadence-blocks-field verify\" type=\"text\" name=\"_kb_verify_email\" autocomplete=\"new-password\" aria-hidden=\"true\" placeholder=\"Correo electr\u00f3nico\" tabindex=\"-1\" data-1p-ignore=\"true\" data-lpignore=\"true\" \/><\/label><div class=\"kadence-blocks-form-field kb-submit-field kb-field-desk-width-100\"><button class=\"kb-forms-submit button kb-button-size-standard kb-button-width-auto\">Enviar<\/button><\/div><input type=\"hidden\" name=\"trp-form-language\" value=\"es\"\/><\/form><\/div>\n<noscript><div class=\"kadence-blocks-form-message kadence-blocks-form-warning\">Activar JavaScript en tu navegador para enviar el formulario<\/div><style>.kadence-form-23_46f6b7-d7 .kadence-blocks-form-field.kb-submit-field { display: none; }<\/style><\/noscript><\/div><\/div>\n\n<\/div><\/div>","protected":false},"excerpt":{"rendered":"<p>Ponte en contacto \u00bfTienes alguna pregunta, has encontrado un error o simplemente quieres compartir tu opini\u00f3n sobre OverSlapWords? Nos encantar\u00eda conocer tu opini\u00f3n. Rellene el siguiente formulario y nos pondremos en contacto con usted lo antes posible. Informes de errores: describe qu\u00e9 ha ocurrido y en qu\u00e9 dispositivo\/versi\u00f3n de SO. Comentarios generales - ideas, sugerencias, cualquier cosa...<\/p>","protected":false},"author":1,"featured_media":0,"parent":0,"menu_order":0,"comment_status":"closed","ping_status":"closed","template":"","meta":{"_kad_post_transparent":"","_kad_post_title":"","_kad_post_layout":"","_kad_post_sidebar_id":"","_kad_post_content_style":"","_kad_post_vertical_padding":"","_kad_post_feature":"","_kad_post_feature_position":"","_kad_post_header":false,"_kad_post_footer":false,"_kad_post_classname":"","footnotes":""},"class_list":["post-23","page","type-page","status-publish","hentry"],"_links":{"self":[{"href":"https:\/\/www.overslapwords.com\/es\/wp-json\/wp\/v2\/pages\/23","targetHints":{"allow":["GET"]}}],"collection":[{"href":"https:\/\/www.overslapwords.com\/es\/wp-json\/wp\/v2\/pages"}],"about":[{"href":"https:\/\/www.overslapwords.com\/es\/wp-json\/wp\/v2\/types\/page"}],"author":[{"embeddable":true,"href":"https:\/\/www.overslapwords.com\/es\/wp-json\/wp\/v2\/users\/1"}],"replies":[{"embeddable":true,"href":"https:\/\/www.overslapwords.com\/es\/wp-json\/wp\/v2\/comments?post=23"}],"version-history":[{"count":10,"href":"https:\/\/www.overslapwords.com\/es\/wp-json\/wp\/v2\/pages\/23\/revisions"}],"predecessor-version":[{"id":37,"href":"https:\/\/www.overslapwords.com\/es\/wp-json\/wp\/v2\/pages\/23\/revisions\/37"}],"wp:attachment":[{"href":"https:\/\/www.overslapwords.com\/es\/wp-json\/wp\/v2\/media?parent=23"}],"curies":[{"name":"wp","href":"https:\/\/api.w.org\/{rel}","templated":true}]}}